{"id":3120,"date":"2024-11-03T17:35:43","date_gmt":"2024-11-03T17:35:43","guid":{"rendered":"https:\/\/sydneypestservice.com.au\/?page_id=3120"},"modified":"2025-10-08T01:20:31","modified_gmt":"2025-10-08T01:20:31","slug":"blogs","status":"publish","type":"page","link":"https:\/\/sydneypestservice.com.au\/fr\/blogs\/","title":{"rendered":"Blogs sur la lutte antiparasitaire"},"content":{"rendered":"<div data-elementor-type=\"wp-page\" data-elementor-id=\"3120\" class=\"elementor elementor-3120\" data-elementor-post-type=\"page\">\n\t\t\t\t<div class=\"elementor-element elementor-element-5586f885 e-flex e-con-boxed e-con e-parent\" data-id=\"5586f885\" data-element_type=\"container\" data-e-type=\"container\" data-settings=\"{&quot;background_background&quot;:&quot;classic&quot;}\">\n\t\t\t\t\t<div class=\"e-con-inner\">\n\t\t<div class=\"elementor-element elementor-element-28a9796c e-con-full e-flex e-con e-child\" data-id=\"28a9796c\" data-element_type=\"container\" data-e-type=\"container\">\n\t\t\t\t<div class=\"elementor-element elementor-element-bcab408 elementor-hidden-desktop elementor-hidden-tablet elementor-hidden-mobile elementor-widget elementor-widget-text-editor\" data-id=\"bcab408\" data-element_type=\"widget\" data-e-type=\"widget\" data-widget_type=\"text-editor.default\">\n\t\t\t\t<div class=\"elementor-widget-container\">\n\t\t\t\t\t\t\t\t\t<p>Blogs sur la lutte antiparasitaire<\/p>\t\t\t\t\t\t\t\t<\/div>\n\t\t\t\t<\/div>\n\t\t\t\t<div class=\"elementor-element elementor-element-c764f44 elementor-hidden-desktop elementor-hidden-tablet elementor-hidden-mobile elementor-widget elementor-widget-text-editor\" data-id=\"c764f44\" data-element_type=\"widget\" data-e-type=\"widget\" data-widget_type=\"text-editor.default\">\n\t\t\t\t<div class=\"elementor-widget-container\">\n\t\t\t\t\t\t\t\t\t<h1>Blogs sur la lutte antiparasitaire<\/h1>\t\t\t\t\t\t\t\t<\/div>\n\t\t\t\t<\/div>\n\t\t\t\t<div class=\"elementor-element elementor-element-1fe0a29b elementor-widget elementor-widget-heading\" data-id=\"1fe0a29b\" data-element_type=\"widget\" data-e-type=\"widget\" data-widget_type=\"heading.default\">\n\t\t\t\t<div class=\"elementor-widget-container\">\n\t\t\t\t\t<h2 class=\"elementor-heading-title elementor-size-default\">Article et actualit\u00e9s<\/h2>\t\t\t\t<\/div>\n\t\t\t\t<\/div>\n\t\t\t\t<\/div>\n\t\t\t\t\t<\/div>\n\t\t\t\t<\/div>\n\t\t<div class=\"elementor-element elementor-element-da84d2b e-flex e-con-boxed e-con e-parent\" data-id=\"da84d2b\" data-element_type=\"container\" data-e-type=\"container\">\n\t\t\t\t\t<div class=\"e-con-inner\">\n\t\t\t\t<div class=\"elementor-element elementor-element-ffbbd27 elementor-hidden-desktop elementor-hidden-tablet elementor-hidden-mobile elementor-widget elementor-widget-text-editor\" data-id=\"ffbbd27\" data-element_type=\"widget\" data-e-type=\"widget\" data-widget_type=\"text-editor.default\">\n\t\t\t\t<div class=\"elementor-widget-container\">\n\t\t\t\t\t\t\t\t\t<h3>Blogs sur la lutte antiparasitaire<\/h3>\t\t\t\t\t\t\t\t<\/div>\n\t\t\t\t<\/div>\n\t\t\t\t\t<\/div>\n\t\t\t\t<\/div>\n\t\t<div class=\"elementor-element elementor-element-b9af3a8 e-flex e-con-boxed e-con e-parent\" data-id=\"b9af3a8\" data-element_type=\"container\" data-e-type=\"container\">\n\t\t\t\t\t<div class=\"e-con-inner\">\n\t\t<div class=\"elementor-element elementor-element-60a2ae5 e-con-full e-flex e-con e-child\" data-id=\"60a2ae5\" data-element_type=\"container\" data-e-type=\"container\">\n\t\t\t\t<div class=\"elementor-element elementor-element-cf75a7e elementor-position-top elementor-widget elementor-widget-image-box\" data-id=\"cf75a7e\" data-element_type=\"widget\" data-e-type=\"widget\" data-widget_type=\"image-box.default\">\n\t\t\t\t<div class=\"elementor-widget-container\">\n\t\t\t\t\t<div class=\"elementor-image-box-wrapper\"><figure class=\"elementor-image-box-img\"><a href=\"https:\/\/sydneypestservice.com.au\/fr\/pestecide-resistance\/\" tabindex=\"-1\"><img loading=\"lazy\" decoding=\"async\" width=\"2560\" height=\"1707\" src=\"https:\/\/sydneypestservice.com.au\/wp-content\/uploads\/2024\/11\/download-2.webp\" class=\"attachment-full size-full wp-image-3235\" alt=\"Pesticide Resistance\" title=\"Lutte antiparasitaire \u00e0 Sydney\"><\/a><\/figure><div class=\"elementor-image-box-content\"><h3 class=\"elementor-image-box-title\"><a href=\"https:\/\/sydneypestservice.com.au\/fr\/pestecide-resistance\/\">R\u00e9sistance aux pesticides<\/a><\/h3><p class=\"elementor-image-box-description\">R\u00e9sistance aux pesticides chez les insectes : causes et solutions\n\n<\/p><\/div><\/div>\t\t\t\t<\/div>\n\t\t\t\t<\/div>\n\t\t\t\t<\/div>\n\t\t<div class=\"elementor-element elementor-element-291b254 e-con-full e-flex e-con e-child\" data-id=\"291b254\" data-element_type=\"container\" data-e-type=\"container\">\n\t\t\t\t<div class=\"elementor-element elementor-element-16fc615 elementor-position-top elementor-widget elementor-widget-image-box\" data-id=\"16fc615\" data-element_type=\"widget\" data-e-type=\"widget\" data-widget_type=\"image-box.default\">\n\t\t\t\t<div class=\"elementor-widget-container\">\n\t\t\t\t\t<div class=\"elementor-image-box-wrapper\"><figure class=\"elementor-image-box-img\"><a href=\"https:\/\/sydneypestservice.com.au\/fr\/repellent-vs-non-repellent\/\" tabindex=\"-1\"><img loading=\"lazy\" decoding=\"async\" width=\"2000\" height=\"1325\" src=\"https:\/\/sydneypestservice.com.au\/wp-content\/uploads\/2024\/11\/spraying-potato-seeds-with-insect-repellent-chemicals-.jpg\" class=\"attachment-full size-full wp-image-3295\" alt=\"repellent vs non repellent\" title=\"Lutte antiparasitaire \u00e0 Sydney\"><\/a><\/figure><div class=\"elementor-image-box-content\"><h3 class=\"elementor-image-box-title\"><a href=\"https:\/\/sydneypestservice.com.au\/fr\/repellent-vs-non-repellent\/\">R\u00e9pulsif vs non r\u00e9pulsif<\/a><\/h3><p class=\"elementor-image-box-description\">Choisir entre les pesticides r\u00e9pulsifs et non r\u00e9pulsifs\n<\/p><\/div><\/div>\t\t\t\t<\/div>\n\t\t\t\t<\/div>\n\t\t\t\t<\/div>\n\t\t<div class=\"elementor-element elementor-element-9fc7bb0 e-con-full e-flex e-con e-child\" data-id=\"9fc7bb0\" data-element_type=\"container\" data-e-type=\"container\">\n\t\t\t\t<div class=\"elementor-element elementor-element-63bc9a0 elementor-position-top elementor-widget elementor-widget-image-box\" data-id=\"63bc9a0\" data-element_type=\"widget\" data-e-type=\"widget\" data-widget_type=\"image-box.default\">\n\t\t\t\t<div class=\"elementor-widget-container\">\n\t\t\t\t\t<div class=\"elementor-image-box-wrapper\"><figure class=\"elementor-image-box-img\"><a href=\"https:\/\/sydneypestservice.com.au\/fr\/choosing-the-right-poison\/\" tabindex=\"-1\"><img loading=\"lazy\" decoding=\"async\" width=\"626\" height=\"417\" src=\"https:\/\/sydneypestservice.com.au\/wp-content\/uploads\/2024\/11\/download-16.webp\" class=\"attachment-full size-full wp-image-3521\" alt=\"Choosing the Right Poison\" title=\"Lutte antiparasitaire \u00e0 Sydney\"><\/a><\/figure><div class=\"elementor-image-box-content\"><h3 class=\"elementor-image-box-title\"><a href=\"https:\/\/sydneypestservice.com.au\/fr\/choosing-the-right-poison\/\">Choisir le bon poison<\/a><\/h3><p class=\"elementor-image-box-description\">D\u00e9couvrez les avantages et les risques des poisons \u00e0 base d'huile par rapport \u00e0 ceux \u00e0 base d'eau.\n<\/p><\/div><\/div>\t\t\t\t<\/div>\n\t\t\t\t<\/div>\n\t\t\t\t<\/div>\n\t\t\t\t\t<\/div>\n\t\t\t\t<\/div>\n\t\t<div class=\"elementor-element elementor-element-2804cb3 e-flex e-con-boxed e-con e-parent\" data-id=\"2804cb3\" data-element_type=\"container\" data-e-type=\"container\">\n\t\t\t\t\t<div class=\"e-con-inner\">\n\t\t<div class=\"elementor-element elementor-element-8ac58d9 e-con-full e-flex e-con e-child\" data-id=\"8ac58d9\" data-element_type=\"container\" data-e-type=\"container\">\n\t\t\t\t<div class=\"elementor-element elementor-element-1c49d3e elementor-hidden-desktop elementor-hidden-tablet elementor-hidden-mobile elementor-widget elementor-widget-text-editor\" data-id=\"1c49d3e\" data-element_type=\"widget\" data-e-type=\"widget\" data-widget_type=\"text-editor.default\">\n\t\t\t\t<div class=\"elementor-widget-container\">\n\t\t\t\t\t\t\t\t\t<p><a href=\"https:\/\/en.wikipedia.org\/wiki\/Sydney\" target=\"_blank\" rel=\"noopener\">Sydney<\/a><\/p>\t\t\t\t\t\t\t\t<\/div>\n\t\t\t\t<\/div>\n\t\t\t\t<div class=\"elementor-element elementor-element-b752a22 elementor-position-top elementor-widget elementor-widget-image-box\" data-id=\"b752a22\" data-element_type=\"widget\" data-e-type=\"widget\" data-widget_type=\"image-box.default\">\n\t\t\t\t<div class=\"elementor-widget-container\">\n\t\t\t\t\t<div class=\"elementor-image-box-wrapper\"><figure class=\"elementor-image-box-img\"><a href=\"https:\/\/sydneypestservice.com.au\/fr\/clean-home-fewer-pests\/\" tabindex=\"-1\"><img loading=\"lazy\" decoding=\"async\" width=\"980\" height=\"653\" src=\"https:\/\/sydneypestservice.com.au\/wp-content\/uploads\/2024\/11\/download-2-2.webp\" class=\"attachment-full size-full wp-image-3545\" alt=\"Clean Home Fewer Pests\" title=\"Lutte antiparasitaire \u00e0 Sydney\"><\/a><\/figure><div class=\"elementor-image-box-content\"><h3 class=\"elementor-image-box-title\"><a href=\"https:\/\/sydneypestservice.com.au\/fr\/clean-home-fewer-pests\/\">Une maison propre, moins de nuisibles<\/a><\/h3><p class=\"elementor-image-box-description\">Une maison propre r\u00e9duit les sources de nourriture et l'humidit\u00e9, \u00e9loignant ainsi les nuisibles et garantissant une lutte efficace contre ceux-ci.\n\n<\/p><\/div><\/div>\t\t\t\t<\/div>\n\t\t\t\t<\/div>\n\t\t\t\t<div class=\"elementor-element elementor-element-c4229ae elementor-align-right elementor-widget elementor-widget-button\" data-id=\"c4229ae\" data-element_type=\"widget\" data-e-type=\"widget\" data-widget_type=\"button.default\">\n\t\t\t\t<div class=\"elementor-widget-container\">\n\t\t\t\t\t\t\t\t\t<div class=\"elementor-button-wrapper\">\n\t\t\t\t\t<a class=\"elementor-button elementor-button-link elementor-size-sm\" href=\"https:\/\/sydneypestservice.com.au\/fr\/clean-home-fewer-pests\/\">\n\t\t\t\t\t\t<span class=\"elementor-button-content-wrapper\">\n\t\t\t\t\t\t\t\t\t<span class=\"elementor-button-text\">Lire la suite<\/span>\n\t\t\t\t\t<\/span>\n\t\t\t\t\t<\/a>\n\t\t\t\t<\/div>\n\t\t\t\t\t\t\t\t<\/div>\n\t\t\t\t<\/div>\n\t\t\t\t<\/div>\n\t\t<div class=\"elementor-element elementor-element-bdf7a90 e-con-full e-flex e-con e-child\" data-id=\"bdf7a90\" data-element_type=\"container\" data-e-type=\"container\">\n\t\t\t\t<div class=\"elementor-element elementor-element-be41036 elementor-position-top elementor-widget elementor-widget-image-box\" data-id=\"be41036\" data-element_type=\"widget\" data-e-type=\"widget\" data-widget_type=\"image-box.default\">\n\t\t\t\t<div class=\"elementor-widget-container\">\n\t\t\t\t\t<div class=\"elementor-image-box-wrapper\"><figure class=\"elementor-image-box-img\"><a href=\"https:\/\/sydneypestservice.com.au\/fr\/rodent-control-tips\/\" tabindex=\"-1\"><img loading=\"lazy\" decoding=\"async\" width=\"800\" height=\"520\" src=\"https:\/\/sydneypestservice.com.au\/wp-content\/uploads\/2024\/11\/download-19.webp\" class=\"attachment-full size-full wp-image-3553\" alt=\"Rodent Control Tips\" title=\"Lutte antiparasitaire \u00e0 Sydney\"><\/a><\/figure><div class=\"elementor-image-box-content\"><h3 class=\"elementor-image-box-title\"><a href=\"https:\/\/sydneypestservice.com.au\/fr\/rodent-control-tips\/\">Conseils pour lutter contre les rongeurs<\/a><\/h3><p class=\"elementor-image-box-description\">Apprenez \u00e0 d\u00e9jouer les souris et les rats en comprenant leurs habitudes et en pla\u00e7ant strat\u00e9giquement des pi\u00e8ges pour un contr\u00f4le efficace.\n<\/p><\/div><\/div>\t\t\t\t<\/div>\n\t\t\t\t<\/div>\n\t\t\t\t<div class=\"elementor-element elementor-element-e671761 elementor-align-right elementor-widget elementor-widget-button\" data-id=\"e671761\" data-element_type=\"widget\" data-e-type=\"widget\" data-widget_type=\"button.default\">\n\t\t\t\t<div class=\"elementor-widget-container\">\n\t\t\t\t\t\t\t\t\t<div class=\"elementor-button-wrapper\">\n\t\t\t\t\t<a class=\"elementor-button elementor-button-link elementor-size-sm\" href=\"https:\/\/sydneypestservice.com.au\/fr\/rodent-control-tips\/\">\n\t\t\t\t\t\t<span class=\"elementor-button-content-wrapper\">\n\t\t\t\t\t\t\t\t\t<span class=\"elementor-button-text\">Lire la suite<\/span>\n\t\t\t\t\t<\/span>\n\t\t\t\t\t<\/a>\n\t\t\t\t<\/div>\n\t\t\t\t\t\t\t\t<\/div>\n\t\t\t\t<\/div>\n\t\t\t\t<\/div>\n\t\t<div class=\"elementor-element elementor-element-f44979e e-con-full e-flex e-con e-child\" data-id=\"f44979e\" data-element_type=\"container\" data-e-type=\"container\">\n\t\t\t\t<div class=\"elementor-element elementor-element-4cc6800 elementor-position-top elementor-widget elementor-widget-image-box\" data-id=\"4cc6800\" data-element_type=\"widget\" data-e-type=\"widget\" data-widget_type=\"image-box.default\">\n\t\t\t\t<div class=\"elementor-widget-container\">\n\t\t\t\t\t<div class=\"elementor-image-box-wrapper\"><figure class=\"elementor-image-box-img\"><a href=\"https:\/\/sydneypestservice.com.au\/fr\/clean-green-protected\/\" tabindex=\"-1\"><img loading=\"lazy\" decoding=\"async\" width=\"1200\" height=\"800\" src=\"https:\/\/sydneypestservice.com.au\/wp-content\/uploads\/2024\/11\/download-20.webp\" class=\"attachment-full size-full wp-image-3561\" alt=\"Clean Green Protected\" title=\"Lutte antiparasitaire \u00e0 Sydney\"><\/a><\/figure><div class=\"elementor-image-box-content\"><h3 class=\"elementor-image-box-title\"><a href=\"https:\/\/sydneypestservice.com.au\/fr\/clean-green-protected\/\">Propre, \u00e9cologique, prot\u00e9g\u00e9<\/a><\/h3><p class=\"elementor-image-box-description\">Une maison propre et bien rang\u00e9e \u00e9loigne naturellement les nuisibles, favorisant ainsi des solutions \u00e9cologiques et sans produits chimiques pour lutter contre les nuisibles.\n<\/p><\/div><\/div>\t\t\t\t<\/div>\n\t\t\t\t<\/div>\n\t\t\t\t<div class=\"elementor-element elementor-element-340ec13 elementor-align-right elementor-widget elementor-widget-button\" data-id=\"340ec13\" data-element_type=\"widget\" data-e-type=\"widget\" data-widget_type=\"button.default\">\n\t\t\t\t<div class=\"elementor-widget-container\">\n\t\t\t\t\t\t\t\t\t<div class=\"elementor-button-wrapper\">\n\t\t\t\t\t<a class=\"elementor-button elementor-button-link elementor-size-sm\" href=\"https:\/\/sydneypestservice.com.au\/fr\/clean-green-protected\/\">\n\t\t\t\t\t\t<span class=\"elementor-button-content-wrapper\">\n\t\t\t\t\t\t\t\t\t<span class=\"elementor-button-text\">Lire la suite<\/span>\n\t\t\t\t\t<\/span>\n\t\t\t\t\t<\/a>\n\t\t\t\t<\/div>\n\t\t\t\t\t\t\t\t<\/div>\n\t\t\t\t<\/div>\n\t\t\t\t<\/div>\n\t\t\t\t\t<\/div>\n\t\t\t\t<\/div>\n\t\t<div class=\"elementor-element elementor-element-91e4a35 e-flex e-con-boxed e-con e-parent\" data-id=\"91e4a35\" data-element_type=\"container\" data-e-type=\"container\">\n\t\t\t\t\t<div class=\"e-con-inner\">\n\t\t<div class=\"elementor-element elementor-element-4ba6dc8 e-con-full e-flex e-con e-child\" data-id=\"4ba6dc8\" data-element_type=\"container\" data-e-type=\"container\">\n\t\t\t\t<div class=\"elementor-element elementor-element-f56e705 elementor-position-top elementor-widget elementor-widget-image-box\" data-id=\"f56e705\" data-element_type=\"widget\" data-e-type=\"widget\" data-widget_type=\"image-box.default\">\n\t\t\t\t<div class=\"elementor-widget-container\">\n\t\t\t\t\t<div class=\"elementor-image-box-wrapper\"><figure class=\"elementor-image-box-img\"><a href=\"https:\/\/sydneypestservice.com.au\/fr\/prevent-cockroach-infestations\/\" tabindex=\"-1\"><img loading=\"lazy\" decoding=\"async\" width=\"1000\" height=\"667\" src=\"https:\/\/sydneypestservice.com.au\/wp-content\/uploads\/2024\/11\/download-22.webp\" class=\"attachment-full size-full wp-image-3569\" alt=\"Pest Control Sydney\" title=\"Lutte antiparasitaire \u00e0 Sydney\"><\/a><\/figure><div class=\"elementor-image-box-content\"><h3 class=\"elementor-image-box-title\"><a href=\"https:\/\/sydneypestservice.com.au\/fr\/prevent-cockroach-infestations\/\">Pr\u00e9venir les infestations de cafards<\/a><\/h3><p class=\"elementor-image-box-description\">D\u00e9couvrez comment les blattes germaniques s'introduisent dans votre maison, leur cycle de reproduction rapide et les m\u00e9thodes efficaces pour \u00e9liminer les infestations et pr\u00e9venir celles \u00e0 venir.\n\n<\/p><\/div><\/div>\t\t\t\t<\/div>\n\t\t\t\t<\/div>\n\t\t\t\t<div class=\"elementor-element elementor-element-1746c66 elementor-align-right elementor-widget elementor-widget-button\" data-id=\"1746c66\" data-element_type=\"widget\" data-e-type=\"widget\" data-widget_type=\"button.default\">\n\t\t\t\t<div class=\"elementor-widget-container\">\n\t\t\t\t\t\t\t\t\t<div class=\"elementor-button-wrapper\">\n\t\t\t\t\t<a class=\"elementor-button elementor-button-link elementor-size-sm\" href=\"https:\/\/sydneypestservice.com.au\/fr\/prevent-cockroach-infestations\/\">\n\t\t\t\t\t\t<span class=\"elementor-button-content-wrapper\">\n\t\t\t\t\t\t\t\t\t<span class=\"elementor-button-text\">Lire la suite<\/span>\n\t\t\t\t\t<\/span>\n\t\t\t\t\t<\/a>\n\t\t\t\t<\/div>\n\t\t\t\t\t\t\t\t<\/div>\n\t\t\t\t<\/div>\n\t\t\t\t<\/div>\n\t\t<div class=\"elementor-element elementor-element-12849b5 e-con-full e-flex e-con e-child\" data-id=\"12849b5\" data-element_type=\"container\" data-e-type=\"container\">\n\t\t\t\t<div class=\"elementor-element elementor-element-ff1abc3 elementor-position-top elementor-widget elementor-widget-image-box\" data-id=\"ff1abc3\" data-element_type=\"widget\" data-e-type=\"widget\" data-widget_type=\"image-box.default\">\n\t\t\t\t<div class=\"elementor-widget-container\">\n\t\t\t\t\t<div class=\"elementor-image-box-wrapper\"><figure class=\"elementor-image-box-img\"><a href=\"https:\/\/sydneypestservice.com.au\/fr\/spider-habitat-guide\/\" tabindex=\"-1\"><img loading=\"lazy\" decoding=\"async\" width=\"799\" height=\"537\" src=\"https:\/\/sydneypestservice.com.au\/wp-content\/uploads\/2024\/11\/download-25-e1730836675748.webp\" class=\"attachment-full size-full wp-image-3581\" alt=\"Spider Habitat Guide\" title=\"Lutte antiparasitaire \u00e0 Sydney\"><\/a><\/figure><div class=\"elementor-image-box-content\"><h3 class=\"elementor-image-box-title\"><a href=\"https:\/\/sydneypestservice.com.au\/fr\/spider-habitat-guide\/\">Guide sur l'habitat des araign\u00e9es<\/a><\/h3><p class=\"elementor-image-box-description\">D\u00e9couvrez o\u00f9 vivent les araign\u00e9es chasseuses et les araign\u00e9es \u00e0 toile en entonnoir, comment les rep\u00e9rer et les moyens efficaces de prot\u00e9ger votre maison.\n<\/p><\/div><\/div>\t\t\t\t<\/div>\n\t\t\t\t<\/div>\n\t\t\t\t<div class=\"elementor-element elementor-element-7f05013 elementor-align-right elementor-widget elementor-widget-button\" data-id=\"7f05013\" data-element_type=\"widget\" data-e-type=\"widget\" data-widget_type=\"button.default\">\n\t\t\t\t<div class=\"elementor-widget-container\">\n\t\t\t\t\t\t\t\t\t<div class=\"elementor-button-wrapper\">\n\t\t\t\t\t<a class=\"elementor-button elementor-button-link elementor-size-sm\" href=\"https:\/\/sydneypestservice.com.au\/fr\/spider-habitat-guide\/\">\n\t\t\t\t\t\t<span class=\"elementor-button-content-wrapper\">\n\t\t\t\t\t\t\t\t\t<span class=\"elementor-button-text\">Lire la suite<\/span>\n\t\t\t\t\t<\/span>\n\t\t\t\t\t<\/a>\n\t\t\t\t<\/div>\n\t\t\t\t\t\t\t\t<\/div>\n\t\t\t\t<\/div>\n\t\t\t\t<\/div>\n\t\t<div class=\"elementor-element elementor-element-6f74211 e-con-full e-flex e-con e-child\" data-id=\"6f74211\" data-element_type=\"container\" data-e-type=\"container\">\n\t\t\t\t<div class=\"elementor-element elementor-element-2b7075f elementor-position-top elementor-widget elementor-widget-image-box\" data-id=\"2b7075f\" data-element_type=\"widget\" data-e-type=\"widget\" data-widget_type=\"image-box.default\">\n\t\t\t\t<div class=\"elementor-widget-container\">\n\t\t\t\t\t<div class=\"elementor-image-box-wrapper\"><figure class=\"elementor-image-box-img\"><a href=\"https:\/\/sydneypestservice.com.au\/fr\/cockroach-migration-myth\/\" tabindex=\"-1\"><img loading=\"lazy\" decoding=\"async\" width=\"610\" height=\"400\" src=\"https:\/\/sydneypestservice.com.au\/wp-content\/uploads\/2024\/11\/download-89.webp\" class=\"attachment-full size-full wp-image-5234\" alt=\"Cockroach Migration Myth\" title=\"Lutte antiparasitaire \u00e0 Sydney\"><\/a><\/figure><div class=\"elementor-image-box-content\"><h3 class=\"elementor-image-box-title\"><a href=\"https:\/\/sydneypestservice.com.au\/fr\/cockroach-migration-myth\/\">Le mythe de la migration des cafards<\/a><\/h3><p class=\"elementor-image-box-description\">Quand mon voisin a pulv\u00e9ris\u00e9 un insecticide contre les cafards, ils sont tous venus chez moi : mythe ou r\u00e9alit\u00e9 scientifique ?\n<\/p><\/div><\/div>\t\t\t\t<\/div>\n\t\t\t\t<\/div>\n\t\t\t\t<div class=\"elementor-element elementor-element-4f13cf2 elementor-align-right elementor-widget elementor-widget-button\" data-id=\"4f13cf2\" data-element_type=\"widget\" data-e-type=\"widget\" data-widget_type=\"button.default\">\n\t\t\t\t<div class=\"elementor-widget-container\">\n\t\t\t\t\t\t\t\t\t<div class=\"elementor-button-wrapper\">\n\t\t\t\t\t<a class=\"elementor-button elementor-button-link elementor-size-sm\" href=\"https:\/\/sydneypestservice.com.au\/fr\/cockroach-migration-myth\/\">\n\t\t\t\t\t\t<span class=\"elementor-button-content-wrapper\">\n\t\t\t\t\t\t\t\t\t<span class=\"elementor-button-text\">Lire la suite<\/span>\n\t\t\t\t\t<\/span>\n\t\t\t\t\t<\/a>\n\t\t\t\t<\/div>\n\t\t\t\t\t\t\t\t<\/div>\n\t\t\t\t<\/div>\n\t\t\t\t<\/div>\n\t\t\t\t\t<\/div>\n\t\t\t\t<\/div>\n\t\t<div class=\"elementor-element elementor-element-2454f6aa e-flex e-con-boxed e-con e-parent\" data-id=\"2454f6aa\" data-element_type=\"container\" data-e-type=\"container\">\n\t\t\t\t\t<div class=\"e-con-inner\">\n\t\t\t\t\t<\/div>\n\t\t\t\t<\/div>\n\t\t\t\t<\/div>","protected":false},"excerpt":{"rendered":"<p>Pest Control Blogs Pest Control Blogs Article &#038; News Pest Control Blogs Pesticide Resistance Pesticide Resistance in Insects: Causes and Solutions Repellent vs. Non-Repellent Choosing Between Repellent and Non-Repellent Pesticides Choosing the Right Poison Discover the benefits and risks of oil vs. water-based poisons. Sydney Clean Home, Fewer Pests A clean home reduces food sources [&hellip;]<\/p>\n","protected":false},"author":18,"featured_media":6783,"parent":0,"menu_order":0,"comment_status":"closed","ping_status":"closed","template":"","meta":{"footnotes":""},"class_list":["post-3120","page","type-page","status-publish","has-post-thumbnail","hentry"],"_links":{"self":[{"href":"https:\/\/sydneypestservice.com.au\/fr\/wp-json\/wp\/v2\/pages\/3120","targetHints":{"allow":["GET"]}}],"collection":[{"href":"https:\/\/sydneypestservice.com.au\/fr\/wp-json\/wp\/v2\/pages"}],"about":[{"href":"https:\/\/sydneypestservice.com.au\/fr\/wp-json\/wp\/v2\/types\/page"}],"author":[{"embeddable":true,"href":"https:\/\/sydneypestservice.com.au\/fr\/wp-json\/wp\/v2\/users\/18"}],"replies":[{"embeddable":true,"href":"https:\/\/sydneypestservice.com.au\/fr\/wp-json\/wp\/v2\/comments?post=3120"}],"version-history":[{"count":0,"href":"https:\/\/sydneypestservice.com.au\/fr\/wp-json\/wp\/v2\/pages\/3120\/revisions"}],"wp:featuredmedia":[{"embeddable":true,"href":"https:\/\/sydneypestservice.com.au\/fr\/wp-json\/wp\/v2\/media\/6783"}],"wp:attachment":[{"href":"https:\/\/sydneypestservice.com.au\/fr\/wp-json\/wp\/v2\/media?parent=3120"}],"curies":[{"name":"wp","href":"https:\/\/api.w.org\/{rel}","templated":true}]}}