{"id":3120,"date":"2024-11-03T17:35:43","date_gmt":"2024-11-03T17:35:43","guid":{"rendered":"https:\/\/sydneypestservice.com.au\/?page_id=3120"},"modified":"2025-10-08T01:20:31","modified_gmt":"2025-10-08T01:20:31","slug":"blogs","status":"publish","type":"page","link":"https:\/\/sydneypestservice.com.au\/vi\/blogs\/","title":{"rendered":"Blog v\u1ec1 Ki\u1ec3m so\u00e1t c\u00f4n tr\u00f9ng"},"content":{"rendered":"<div data-elementor-type=\"wp-page\" data-elementor-id=\"3120\" class=\"elementor elementor-3120\" data-elementor-post-type=\"page\">\n\t\t\t\t<div class=\"elementor-element elementor-element-5586f885 e-flex e-con-boxed e-con e-parent\" data-id=\"5586f885\" data-element_type=\"container\" data-e-type=\"container\" data-settings=\"{&quot;background_background&quot;:&quot;classic&quot;}\">\n\t\t\t\t\t<div class=\"e-con-inner\">\n\t\t<div class=\"elementor-element elementor-element-28a9796c e-con-full e-flex e-con e-child\" data-id=\"28a9796c\" data-element_type=\"container\" data-e-type=\"container\">\n\t\t\t\t<div class=\"elementor-element elementor-element-bcab408 elementor-hidden-desktop elementor-hidden-tablet elementor-hidden-mobile elementor-widget elementor-widget-text-editor\" data-id=\"bcab408\" data-element_type=\"widget\" data-e-type=\"widget\" data-widget_type=\"text-editor.default\">\n\t\t\t\t<div class=\"elementor-widget-container\">\n\t\t\t\t\t\t\t\t\t<p>Blog v\u1ec1 Ki\u1ec3m so\u00e1t c\u00f4n tr\u00f9ng<\/p>\t\t\t\t\t\t\t\t<\/div>\n\t\t\t\t<\/div>\n\t\t\t\t<div class=\"elementor-element elementor-element-c764f44 elementor-hidden-desktop elementor-hidden-tablet elementor-hidden-mobile elementor-widget elementor-widget-text-editor\" data-id=\"c764f44\" data-element_type=\"widget\" data-e-type=\"widget\" data-widget_type=\"text-editor.default\">\n\t\t\t\t<div class=\"elementor-widget-container\">\n\t\t\t\t\t\t\t\t\t<h1>Blog v\u1ec1 Ki\u1ec3m so\u00e1t c\u00f4n tr\u00f9ng<\/h1>\t\t\t\t\t\t\t\t<\/div>\n\t\t\t\t<\/div>\n\t\t\t\t<div class=\"elementor-element elementor-element-1fe0a29b elementor-widget elementor-widget-heading\" data-id=\"1fe0a29b\" data-element_type=\"widget\" data-e-type=\"widget\" data-widget_type=\"heading.default\">\n\t\t\t\t<div class=\"elementor-widget-container\">\n\t\t\t\t\t<h2 class=\"elementor-heading-title elementor-size-default\">B\u00e0i vi\u1ebft &amp; Tin t\u1ee9c<\/h2>\t\t\t\t<\/div>\n\t\t\t\t<\/div>\n\t\t\t\t<\/div>\n\t\t\t\t\t<\/div>\n\t\t\t\t<\/div>\n\t\t<div class=\"elementor-element elementor-element-da84d2b e-flex e-con-boxed e-con e-parent\" data-id=\"da84d2b\" data-element_type=\"container\" data-e-type=\"container\">\n\t\t\t\t\t<div class=\"e-con-inner\">\n\t\t\t\t<div class=\"elementor-element elementor-element-ffbbd27 elementor-hidden-desktop elementor-hidden-tablet elementor-hidden-mobile elementor-widget elementor-widget-text-editor\" data-id=\"ffbbd27\" data-element_type=\"widget\" data-e-type=\"widget\" data-widget_type=\"text-editor.default\">\n\t\t\t\t<div class=\"elementor-widget-container\">\n\t\t\t\t\t\t\t\t\t<h3>Blog v\u1ec1 Ki\u1ec3m so\u00e1t c\u00f4n tr\u00f9ng<\/h3>\t\t\t\t\t\t\t\t<\/div>\n\t\t\t\t<\/div>\n\t\t\t\t\t<\/div>\n\t\t\t\t<\/div>\n\t\t<div class=\"elementor-element elementor-element-b9af3a8 e-flex e-con-boxed e-con e-parent\" data-id=\"b9af3a8\" data-element_type=\"container\" data-e-type=\"container\">\n\t\t\t\t\t<div class=\"e-con-inner\">\n\t\t<div class=\"elementor-element elementor-element-60a2ae5 e-con-full e-flex e-con e-child\" data-id=\"60a2ae5\" data-element_type=\"container\" data-e-type=\"container\">\n\t\t\t\t<div class=\"elementor-element elementor-element-cf75a7e elementor-position-top elementor-widget elementor-widget-image-box\" data-id=\"cf75a7e\" data-element_type=\"widget\" data-e-type=\"widget\" data-widget_type=\"image-box.default\">\n\t\t\t\t<div class=\"elementor-widget-container\">\n\t\t\t\t\t<div class=\"elementor-image-box-wrapper\"><figure class=\"elementor-image-box-img\"><a href=\"https:\/\/sydneypestservice.com.au\/vi\/pestecide-resistance\/\" tabindex=\"-1\"><img loading=\"lazy\" decoding=\"async\" width=\"2560\" height=\"1707\" src=\"https:\/\/sydneypestservice.com.au\/wp-content\/uploads\/2024\/11\/download-2.webp\" class=\"attachment-full size-full wp-image-3235\" alt=\"Pesticide Resistance\" title=\"D\u1ecbch v\u1ee5 ki\u1ec3m so\u00e1t c\u00f4n tr\u00f9ng Sydney\"><\/a><\/figure><div class=\"elementor-image-box-content\"><h3 class=\"elementor-image-box-title\"><a href=\"https:\/\/sydneypestservice.com.au\/vi\/pestecide-resistance\/\">S\u1ef1 kh\u00e1ng thu\u1ed1c tr\u1eeb s\u00e2u<\/a><\/h3><p class=\"elementor-image-box-description\">S\u1ef1 kh\u00e1ng thu\u1ed1c tr\u1eeb s\u00e2u \u1edf c\u00f4n tr\u00f9ng: Nguy\u00ean nh\u00e2n v\u00e0 gi\u1ea3i ph\u00e1p\n\n<\/p><\/div><\/div>\t\t\t\t<\/div>\n\t\t\t\t<\/div>\n\t\t\t\t<\/div>\n\t\t<div class=\"elementor-element elementor-element-291b254 e-con-full e-flex e-con e-child\" data-id=\"291b254\" data-element_type=\"container\" data-e-type=\"container\">\n\t\t\t\t<div class=\"elementor-element elementor-element-16fc615 elementor-position-top elementor-widget elementor-widget-image-box\" data-id=\"16fc615\" data-element_type=\"widget\" data-e-type=\"widget\" data-widget_type=\"image-box.default\">\n\t\t\t\t<div class=\"elementor-widget-container\">\n\t\t\t\t\t<div class=\"elementor-image-box-wrapper\"><figure class=\"elementor-image-box-img\"><a href=\"https:\/\/sydneypestservice.com.au\/vi\/repellent-vs-non-repellent\/\" tabindex=\"-1\"><img loading=\"lazy\" decoding=\"async\" width=\"2000\" height=\"1325\" src=\"https:\/\/sydneypestservice.com.au\/wp-content\/uploads\/2024\/11\/spraying-potato-seeds-with-insect-repellent-chemicals-.jpg\" class=\"attachment-full size-full wp-image-3295\" alt=\"repellent vs non repellent\" title=\"D\u1ecbch v\u1ee5 ki\u1ec3m so\u00e1t c\u00f4n tr\u00f9ng Sydney\"><\/a><\/figure><div class=\"elementor-image-box-content\"><h3 class=\"elementor-image-box-title\"><a href=\"https:\/\/sydneypestservice.com.au\/vi\/repellent-vs-non-repellent\/\">Ch\u1ea5t xua \u0111u\u1ed5i vs. Kh\u00f4ng ph\u1ea3i ch\u1ea5t xua \u0111u\u1ed5i<\/a><\/h3><p class=\"elementor-image-box-description\">L\u1ef1a ch\u1ecdn gi\u1eefa thu\u1ed1c tr\u1eeb s\u00e2u c\u00f3 t\u00e1c d\u1ee5ng xua \u0111u\u1ed5i v\u00e0 kh\u00f4ng c\u00f3 t\u00e1c d\u1ee5ng xua \u0111u\u1ed5i\n<\/p><\/div><\/div>\t\t\t\t<\/div>\n\t\t\t\t<\/div>\n\t\t\t\t<\/div>\n\t\t<div class=\"elementor-element elementor-element-9fc7bb0 e-con-full e-flex e-con e-child\" data-id=\"9fc7bb0\" data-element_type=\"container\" data-e-type=\"container\">\n\t\t\t\t<div class=\"elementor-element elementor-element-63bc9a0 elementor-position-top elementor-widget elementor-widget-image-box\" data-id=\"63bc9a0\" data-element_type=\"widget\" data-e-type=\"widget\" data-widget_type=\"image-box.default\">\n\t\t\t\t<div class=\"elementor-widget-container\">\n\t\t\t\t\t<div class=\"elementor-image-box-wrapper\"><figure class=\"elementor-image-box-img\"><a href=\"https:\/\/sydneypestservice.com.au\/vi\/choosing-the-right-poison\/\" tabindex=\"-1\"><img loading=\"lazy\" decoding=\"async\" width=\"626\" height=\"417\" src=\"https:\/\/sydneypestservice.com.au\/wp-content\/uploads\/2024\/11\/download-16.webp\" class=\"attachment-full size-full wp-image-3521\" alt=\"Choosing the Right Poison\" title=\"D\u1ecbch v\u1ee5 ki\u1ec3m so\u00e1t c\u00f4n tr\u00f9ng Sydney\"><\/a><\/figure><div class=\"elementor-image-box-content\"><h3 class=\"elementor-image-box-title\"><a href=\"https:\/\/sydneypestservice.com.au\/vi\/choosing-the-right-poison\/\">Ch\u1ecdn lo\u1ea1i \u0111\u1ed9c d\u01b0\u1ee3c ph\u00f9 h\u1ee3p<\/a><\/h3><p class=\"elementor-image-box-description\">Kh\u00e1m ph\u00e1 l\u1ee3i \u00edch v\u00e0 r\u1ee7i ro c\u1ee7a c\u00e1c lo\u1ea1i thu\u1ed1c tr\u1eeb s\u00e2u g\u1ed1c d\u1ea7u so v\u1edbi g\u1ed1c n\u01b0\u1edbc.\n<\/p><\/div><\/div>\t\t\t\t<\/div>\n\t\t\t\t<\/div>\n\t\t\t\t<\/div>\n\t\t\t\t\t<\/div>\n\t\t\t\t<\/div>\n\t\t<div class=\"elementor-element elementor-element-2804cb3 e-flex e-con-boxed e-con e-parent\" data-id=\"2804cb3\" data-element_type=\"container\" data-e-type=\"container\">\n\t\t\t\t\t<div class=\"e-con-inner\">\n\t\t<div class=\"elementor-element elementor-element-8ac58d9 e-con-full e-flex e-con e-child\" data-id=\"8ac58d9\" data-element_type=\"container\" data-e-type=\"container\">\n\t\t\t\t<div class=\"elementor-element elementor-element-1c49d3e elementor-hidden-desktop elementor-hidden-tablet elementor-hidden-mobile elementor-widget elementor-widget-text-editor\" data-id=\"1c49d3e\" data-element_type=\"widget\" data-e-type=\"widget\" data-widget_type=\"text-editor.default\">\n\t\t\t\t<div class=\"elementor-widget-container\">\n\t\t\t\t\t\t\t\t\t<p><a href=\"https:\/\/en.wikipedia.org\/wiki\/Sydney\" target=\"_blank\" rel=\"noopener\">Sydney<\/a><\/p>\t\t\t\t\t\t\t\t<\/div>\n\t\t\t\t<\/div>\n\t\t\t\t<div class=\"elementor-element elementor-element-b752a22 elementor-position-top elementor-widget elementor-widget-image-box\" data-id=\"b752a22\" data-element_type=\"widget\" data-e-type=\"widget\" data-widget_type=\"image-box.default\">\n\t\t\t\t<div class=\"elementor-widget-container\">\n\t\t\t\t\t<div class=\"elementor-image-box-wrapper\"><figure class=\"elementor-image-box-img\"><a href=\"https:\/\/sydneypestservice.com.au\/vi\/clean-home-fewer-pests\/\" tabindex=\"-1\"><img loading=\"lazy\" decoding=\"async\" width=\"980\" height=\"653\" src=\"https:\/\/sydneypestservice.com.au\/wp-content\/uploads\/2024\/11\/download-2-2.webp\" class=\"attachment-full size-full wp-image-3545\" alt=\"Clean Home Fewer Pests\" title=\"D\u1ecbch v\u1ee5 ki\u1ec3m so\u00e1t c\u00f4n tr\u00f9ng Sydney\"><\/a><\/figure><div class=\"elementor-image-box-content\"><h3 class=\"elementor-image-box-title\"><a href=\"https:\/\/sydneypestservice.com.au\/vi\/clean-home-fewer-pests\/\">Nh\u00e0 s\u1ea1ch, \u00edt c\u00f4n tr\u00f9ng<\/a><\/h3><p class=\"elementor-image-box-description\">M\u1ed9t ng\u00f4i nh\u00e0 s\u1ea1ch s\u1ebd gi\u00fap gi\u1ea3m ngu\u1ed3n th\u1ee9c \u0103n v\u00e0 \u0111\u1ed9 \u1ea9m, t\u1eeb \u0111\u00f3 ng\u0103n ch\u1eb7n c\u00f4n tr\u00f9ng g\u00e2y h\u1ea1i v\u00e0 \u0111\u1ea3m b\u1ea3o hi\u1ec7u qu\u1ea3 trong vi\u1ec7c ki\u1ec3m so\u00e1t c\u00f4n tr\u00f9ng.\n\n<\/p><\/div><\/div>\t\t\t\t<\/div>\n\t\t\t\t<\/div>\n\t\t\t\t<div class=\"elementor-element elementor-element-c4229ae elementor-align-right elementor-widget elementor-widget-button\" data-id=\"c4229ae\" data-element_type=\"widget\" data-e-type=\"widget\" data-widget_type=\"button.default\">\n\t\t\t\t<div class=\"elementor-widget-container\">\n\t\t\t\t\t\t\t\t\t<div class=\"elementor-button-wrapper\">\n\t\t\t\t\t<a class=\"elementor-button elementor-button-link elementor-size-sm\" href=\"https:\/\/sydneypestservice.com.au\/vi\/clean-home-fewer-pests\/\">\n\t\t\t\t\t\t<span class=\"elementor-button-content-wrapper\">\n\t\t\t\t\t\t\t\t\t<span class=\"elementor-button-text\">\u0110\u1ecdc th\u00eam<\/span>\n\t\t\t\t\t<\/span>\n\t\t\t\t\t<\/a>\n\t\t\t\t<\/div>\n\t\t\t\t\t\t\t\t<\/div>\n\t\t\t\t<\/div>\n\t\t\t\t<\/div>\n\t\t<div class=\"elementor-element elementor-element-bdf7a90 e-con-full e-flex e-con e-child\" data-id=\"bdf7a90\" data-element_type=\"container\" data-e-type=\"container\">\n\t\t\t\t<div class=\"elementor-element elementor-element-be41036 elementor-position-top elementor-widget elementor-widget-image-box\" data-id=\"be41036\" data-element_type=\"widget\" data-e-type=\"widget\" data-widget_type=\"image-box.default\">\n\t\t\t\t<div class=\"elementor-widget-container\">\n\t\t\t\t\t<div class=\"elementor-image-box-wrapper\"><figure class=\"elementor-image-box-img\"><a href=\"https:\/\/sydneypestservice.com.au\/vi\/rodent-control-tips\/\" tabindex=\"-1\"><img loading=\"lazy\" decoding=\"async\" width=\"800\" height=\"520\" src=\"https:\/\/sydneypestservice.com.au\/wp-content\/uploads\/2024\/11\/download-19.webp\" class=\"attachment-full size-full wp-image-3553\" alt=\"Rodent Control Tips\" title=\"D\u1ecbch v\u1ee5 ki\u1ec3m so\u00e1t c\u00f4n tr\u00f9ng Sydney\"><\/a><\/figure><div class=\"elementor-image-box-content\"><h3 class=\"elementor-image-box-title\"><a href=\"https:\/\/sydneypestservice.com.au\/vi\/rodent-control-tips\/\">M\u1eb9o ki\u1ec3m so\u00e1t chu\u1ed9t<\/a><\/h3><p class=\"elementor-image-box-description\">H\u1ecdc c\u00e1ch \u0111\u1ed1i ph\u00f3 v\u1edbi chu\u1ed9t v\u00e0 chu\u1ed9t c\u1ed1ng b\u1eb1ng c\u00e1ch hi\u1ec3u r\u00f5 th\u00f3i quen c\u1ee7a ch\u00fang v\u00e0 \u0111\u1eb7t b\u1eaby m\u1ed9t c\u00e1ch chi\u1ebfn l\u01b0\u1ee3c \u0111\u1ec3 ki\u1ec3m so\u00e1t hi\u1ec7u qu\u1ea3.\n<\/p><\/div><\/div>\t\t\t\t<\/div>\n\t\t\t\t<\/div>\n\t\t\t\t<div class=\"elementor-element elementor-element-e671761 elementor-align-right elementor-widget elementor-widget-button\" data-id=\"e671761\" data-element_type=\"widget\" data-e-type=\"widget\" data-widget_type=\"button.default\">\n\t\t\t\t<div class=\"elementor-widget-container\">\n\t\t\t\t\t\t\t\t\t<div class=\"elementor-button-wrapper\">\n\t\t\t\t\t<a class=\"elementor-button elementor-button-link elementor-size-sm\" href=\"https:\/\/sydneypestservice.com.au\/vi\/rodent-control-tips\/\">\n\t\t\t\t\t\t<span class=\"elementor-button-content-wrapper\">\n\t\t\t\t\t\t\t\t\t<span class=\"elementor-button-text\">\u0110\u1ecdc th\u00eam<\/span>\n\t\t\t\t\t<\/span>\n\t\t\t\t\t<\/a>\n\t\t\t\t<\/div>\n\t\t\t\t\t\t\t\t<\/div>\n\t\t\t\t<\/div>\n\t\t\t\t<\/div>\n\t\t<div class=\"elementor-element elementor-element-f44979e e-con-full e-flex e-con e-child\" data-id=\"f44979e\" data-element_type=\"container\" data-e-type=\"container\">\n\t\t\t\t<div class=\"elementor-element elementor-element-4cc6800 elementor-position-top elementor-widget elementor-widget-image-box\" data-id=\"4cc6800\" data-element_type=\"widget\" data-e-type=\"widget\" data-widget_type=\"image-box.default\">\n\t\t\t\t<div class=\"elementor-widget-container\">\n\t\t\t\t\t<div class=\"elementor-image-box-wrapper\"><figure class=\"elementor-image-box-img\"><a href=\"https:\/\/sydneypestservice.com.au\/vi\/clean-green-protected\/\" tabindex=\"-1\"><img loading=\"lazy\" decoding=\"async\" width=\"1200\" height=\"800\" src=\"https:\/\/sydneypestservice.com.au\/wp-content\/uploads\/2024\/11\/download-20.webp\" class=\"attachment-full size-full wp-image-3561\" alt=\"Clean Green Protected\" title=\"D\u1ecbch v\u1ee5 ki\u1ec3m so\u00e1t c\u00f4n tr\u00f9ng Sydney\"><\/a><\/figure><div class=\"elementor-image-box-content\"><h3 class=\"elementor-image-box-title\"><a href=\"https:\/\/sydneypestservice.com.au\/vi\/clean-green-protected\/\">S\u1ea1ch s\u1ebd, Xanh t\u01b0\u01a1i, \u0110\u01b0\u1ee3c b\u1ea3o v\u1ec7<\/a><\/h3><p class=\"elementor-image-box-description\">M\u1ed9t ng\u00f4i nh\u00e0 s\u1ea1ch s\u1ebd, g\u1ecdn g\u00e0ng s\u1ebd t\u1ef1 nhi\u00ean ng\u0103n ch\u1eb7n c\u00f4n tr\u00f9ng g\u00e2y h\u1ea1i, h\u1ed7 tr\u1ee3 c\u00e1c gi\u1ea3i ph\u00e1p ki\u1ec3m so\u00e1t c\u00f4n tr\u00f9ng th\u00e2n thi\u1ec7n v\u1edbi m\u00f4i tr\u01b0\u1eddng v\u00e0 kh\u00f4ng s\u1eed d\u1ee5ng h\u00f3a ch\u1ea5t.\n<\/p><\/div><\/div>\t\t\t\t<\/div>\n\t\t\t\t<\/div>\n\t\t\t\t<div class=\"elementor-element elementor-element-340ec13 elementor-align-right elementor-widget elementor-widget-button\" data-id=\"340ec13\" data-element_type=\"widget\" data-e-type=\"widget\" data-widget_type=\"button.default\">\n\t\t\t\t<div class=\"elementor-widget-container\">\n\t\t\t\t\t\t\t\t\t<div class=\"elementor-button-wrapper\">\n\t\t\t\t\t<a class=\"elementor-button elementor-button-link elementor-size-sm\" href=\"https:\/\/sydneypestservice.com.au\/vi\/clean-green-protected\/\">\n\t\t\t\t\t\t<span class=\"elementor-button-content-wrapper\">\n\t\t\t\t\t\t\t\t\t<span class=\"elementor-button-text\">\u0110\u1ecdc th\u00eam<\/span>\n\t\t\t\t\t<\/span>\n\t\t\t\t\t<\/a>\n\t\t\t\t<\/div>\n\t\t\t\t\t\t\t\t<\/div>\n\t\t\t\t<\/div>\n\t\t\t\t<\/div>\n\t\t\t\t\t<\/div>\n\t\t\t\t<\/div>\n\t\t<div class=\"elementor-element elementor-element-91e4a35 e-flex e-con-boxed e-con e-parent\" data-id=\"91e4a35\" data-element_type=\"container\" data-e-type=\"container\">\n\t\t\t\t\t<div class=\"e-con-inner\">\n\t\t<div class=\"elementor-element elementor-element-4ba6dc8 e-con-full e-flex e-con e-child\" data-id=\"4ba6dc8\" data-element_type=\"container\" data-e-type=\"container\">\n\t\t\t\t<div class=\"elementor-element elementor-element-f56e705 elementor-position-top elementor-widget elementor-widget-image-box\" data-id=\"f56e705\" data-element_type=\"widget\" data-e-type=\"widget\" data-widget_type=\"image-box.default\">\n\t\t\t\t<div class=\"elementor-widget-container\">\n\t\t\t\t\t<div class=\"elementor-image-box-wrapper\"><figure class=\"elementor-image-box-img\"><a href=\"https:\/\/sydneypestservice.com.au\/vi\/prevent-cockroach-infestations\/\" tabindex=\"-1\"><img loading=\"lazy\" decoding=\"async\" width=\"1000\" height=\"667\" src=\"https:\/\/sydneypestservice.com.au\/wp-content\/uploads\/2024\/11\/download-22.webp\" class=\"attachment-full size-full wp-image-3569\" alt=\"Pest Control Sydney\" title=\"D\u1ecbch v\u1ee5 ki\u1ec3m so\u00e1t c\u00f4n tr\u00f9ng Sydney\"><\/a><\/figure><div class=\"elementor-image-box-content\"><h3 class=\"elementor-image-box-title\"><a href=\"https:\/\/sydneypestservice.com.au\/vi\/prevent-cockroach-infestations\/\">Ph\u00f2ng ng\u1eeba s\u1ef1 x\u00e2m nh\u1eadp c\u1ee7a gi\u00e1n<\/a><\/h3><p class=\"elementor-image-box-description\">T\u00ecm hi\u1ec3u c\u00e1ch gi\u00e1n \u0110\u1ee9c x\u00e2m nh\u1eadp v\u00e0o nh\u00e0 b\u1ea1n, chu k\u1ef3 sinh s\u1ea3n nhanh ch\u00f3ng c\u1ee7a ch\u00fang v\u00e0 c\u00e1c ph\u01b0\u01a1ng ph\u00e1p hi\u1ec7u qu\u1ea3 \u0111\u1ec3 ti\u00eau di\u1ec7t d\u1ecbch h\u1ea1i v\u00e0 ng\u0103n ch\u1eb7n s\u1ef1 x\u00e2m nh\u1eadp trong t\u01b0\u01a1ng lai.\n\n<\/p><\/div><\/div>\t\t\t\t<\/div>\n\t\t\t\t<\/div>\n\t\t\t\t<div class=\"elementor-element elementor-element-1746c66 elementor-align-right elementor-widget elementor-widget-button\" data-id=\"1746c66\" data-element_type=\"widget\" data-e-type=\"widget\" data-widget_type=\"button.default\">\n\t\t\t\t<div class=\"elementor-widget-container\">\n\t\t\t\t\t\t\t\t\t<div class=\"elementor-button-wrapper\">\n\t\t\t\t\t<a class=\"elementor-button elementor-button-link elementor-size-sm\" href=\"https:\/\/sydneypestservice.com.au\/vi\/prevent-cockroach-infestations\/\">\n\t\t\t\t\t\t<span class=\"elementor-button-content-wrapper\">\n\t\t\t\t\t\t\t\t\t<span class=\"elementor-button-text\">\u0110\u1ecdc th\u00eam<\/span>\n\t\t\t\t\t<\/span>\n\t\t\t\t\t<\/a>\n\t\t\t\t<\/div>\n\t\t\t\t\t\t\t\t<\/div>\n\t\t\t\t<\/div>\n\t\t\t\t<\/div>\n\t\t<div class=\"elementor-element elementor-element-12849b5 e-con-full e-flex e-con e-child\" data-id=\"12849b5\" data-element_type=\"container\" data-e-type=\"container\">\n\t\t\t\t<div class=\"elementor-element elementor-element-ff1abc3 elementor-position-top elementor-widget elementor-widget-image-box\" data-id=\"ff1abc3\" data-element_type=\"widget\" data-e-type=\"widget\" data-widget_type=\"image-box.default\">\n\t\t\t\t<div class=\"elementor-widget-container\">\n\t\t\t\t\t<div class=\"elementor-image-box-wrapper\"><figure class=\"elementor-image-box-img\"><a href=\"https:\/\/sydneypestservice.com.au\/vi\/spider-habitat-guide\/\" tabindex=\"-1\"><img loading=\"lazy\" decoding=\"async\" width=\"799\" height=\"537\" src=\"https:\/\/sydneypestservice.com.au\/wp-content\/uploads\/2024\/11\/download-25-e1730836675748.webp\" class=\"attachment-full size-full wp-image-3581\" alt=\"Spider Habitat Guide\" title=\"D\u1ecbch v\u1ee5 ki\u1ec3m so\u00e1t c\u00f4n tr\u00f9ng Sydney\"><\/a><\/figure><div class=\"elementor-image-box-content\"><h3 class=\"elementor-image-box-title\"><a href=\"https:\/\/sydneypestservice.com.au\/vi\/spider-habitat-guide\/\">H\u01b0\u1edbng d\u1eabn v\u1ec1 m\u00f4i tr\u01b0\u1eddng s\u1ed1ng c\u1ee7a nh\u1ec7n<\/a><\/h3><p class=\"elementor-image-box-description\">H\u00e3y t\u00ecm hi\u1ec3u n\u01a1i sinh s\u1ed1ng c\u1ee7a nh\u1ec7n s\u0103n m\u1ed3i v\u00e0 nh\u1ec7n l\u01b0\u1edbi ph\u1ec5u, c\u00e1ch nh\u1eadn bi\u1ebft ch\u00fang, v\u00e0 c\u00e1c ph\u01b0\u01a1ng ph\u00e1p hi\u1ec7u qu\u1ea3 \u0111\u1ec3 b\u1ea3o v\u1ec7 ng\u00f4i nh\u00e0 c\u1ee7a b\u1ea1n.\n<\/p><\/div><\/div>\t\t\t\t<\/div>\n\t\t\t\t<\/div>\n\t\t\t\t<div class=\"elementor-element elementor-element-7f05013 elementor-align-right elementor-widget elementor-widget-button\" data-id=\"7f05013\" data-element_type=\"widget\" data-e-type=\"widget\" data-widget_type=\"button.default\">\n\t\t\t\t<div class=\"elementor-widget-container\">\n\t\t\t\t\t\t\t\t\t<div class=\"elementor-button-wrapper\">\n\t\t\t\t\t<a class=\"elementor-button elementor-button-link elementor-size-sm\" href=\"https:\/\/sydneypestservice.com.au\/vi\/spider-habitat-guide\/\">\n\t\t\t\t\t\t<span class=\"elementor-button-content-wrapper\">\n\t\t\t\t\t\t\t\t\t<span class=\"elementor-button-text\">\u0110\u1ecdc th\u00eam<\/span>\n\t\t\t\t\t<\/span>\n\t\t\t\t\t<\/a>\n\t\t\t\t<\/div>\n\t\t\t\t\t\t\t\t<\/div>\n\t\t\t\t<\/div>\n\t\t\t\t<\/div>\n\t\t<div class=\"elementor-element elementor-element-6f74211 e-con-full e-flex e-con e-child\" data-id=\"6f74211\" data-element_type=\"container\" data-e-type=\"container\">\n\t\t\t\t<div class=\"elementor-element elementor-element-2b7075f elementor-position-top elementor-widget elementor-widget-image-box\" data-id=\"2b7075f\" data-element_type=\"widget\" data-e-type=\"widget\" data-widget_type=\"image-box.default\">\n\t\t\t\t<div class=\"elementor-widget-container\">\n\t\t\t\t\t<div class=\"elementor-image-box-wrapper\"><figure class=\"elementor-image-box-img\"><a href=\"https:\/\/sydneypestservice.com.au\/vi\/cockroach-migration-myth\/\" tabindex=\"-1\"><img loading=\"lazy\" decoding=\"async\" width=\"610\" height=\"400\" src=\"https:\/\/sydneypestservice.com.au\/wp-content\/uploads\/2024\/11\/download-89.webp\" class=\"attachment-full size-full wp-image-5234\" alt=\"Cockroach Migration Myth\" title=\"D\u1ecbch v\u1ee5 ki\u1ec3m so\u00e1t c\u00f4n tr\u00f9ng Sydney\"><\/a><\/figure><div class=\"elementor-image-box-content\"><h3 class=\"elementor-image-box-title\"><a href=\"https:\/\/sydneypestservice.com.au\/vi\/cockroach-migration-myth\/\">Thuy\u1ebft di c\u01b0 c\u1ee7a gi\u00e1n<\/a><\/h3><p class=\"elementor-image-box-description\">Khi h\u00e0ng x\u00f3m c\u1ee7a t\u00f4i phun thu\u1ed1c di\u1ec7t gi\u00e1n, t\u1ea5t c\u1ea3 ch\u00fang \u0111\u1ec1u \u0111\u1ebfn nh\u00e0 t\u00f4i: \u0110\u00f3 l\u00e0 huy\u1ec1n tho\u1ea1i hay khoa h\u1ecdc?\n<\/p><\/div><\/div>\t\t\t\t<\/div>\n\t\t\t\t<\/div>\n\t\t\t\t<div class=\"elementor-element elementor-element-4f13cf2 elementor-align-right elementor-widget elementor-widget-button\" data-id=\"4f13cf2\" data-element_type=\"widget\" data-e-type=\"widget\" data-widget_type=\"button.default\">\n\t\t\t\t<div class=\"elementor-widget-container\">\n\t\t\t\t\t\t\t\t\t<div class=\"elementor-button-wrapper\">\n\t\t\t\t\t<a class=\"elementor-button elementor-button-link elementor-size-sm\" href=\"https:\/\/sydneypestservice.com.au\/vi\/cockroach-migration-myth\/\">\n\t\t\t\t\t\t<span class=\"elementor-button-content-wrapper\">\n\t\t\t\t\t\t\t\t\t<span class=\"elementor-button-text\">\u0110\u1ecdc th\u00eam<\/span>\n\t\t\t\t\t<\/span>\n\t\t\t\t\t<\/a>\n\t\t\t\t<\/div>\n\t\t\t\t\t\t\t\t<\/div>\n\t\t\t\t<\/div>\n\t\t\t\t<\/div>\n\t\t\t\t\t<\/div>\n\t\t\t\t<\/div>\n\t\t<div class=\"elementor-element elementor-element-2454f6aa e-flex e-con-boxed e-con e-parent\" data-id=\"2454f6aa\" data-element_type=\"container\" data-e-type=\"container\">\n\t\t\t\t\t<div class=\"e-con-inner\">\n\t\t\t\t\t<\/div>\n\t\t\t\t<\/div>\n\t\t\t\t<\/div>","protected":false},"excerpt":{"rendered":"<p>Pest Control Blogs Pest Control Blogs Article &#038; News Pest Control Blogs Pesticide Resistance Pesticide Resistance in Insects: Causes and Solutions Repellent vs. Non-Repellent Choosing Between Repellent and Non-Repellent Pesticides Choosing the Right Poison Discover the benefits and risks of oil vs. water-based poisons. Sydney Clean Home, Fewer Pests A clean home reduces food sources [&hellip;]<\/p>\n","protected":false},"author":18,"featured_media":6783,"parent":0,"menu_order":0,"comment_status":"closed","ping_status":"closed","template":"","meta":{"footnotes":""},"class_list":["post-3120","page","type-page","status-publish","has-post-thumbnail","hentry"],"_links":{"self":[{"href":"https:\/\/sydneypestservice.com.au\/vi\/wp-json\/wp\/v2\/pages\/3120","targetHints":{"allow":["GET"]}}],"collection":[{"href":"https:\/\/sydneypestservice.com.au\/vi\/wp-json\/wp\/v2\/pages"}],"about":[{"href":"https:\/\/sydneypestservice.com.au\/vi\/wp-json\/wp\/v2\/types\/page"}],"author":[{"embeddable":true,"href":"https:\/\/sydneypestservice.com.au\/vi\/wp-json\/wp\/v2\/users\/18"}],"replies":[{"embeddable":true,"href":"https:\/\/sydneypestservice.com.au\/vi\/wp-json\/wp\/v2\/comments?post=3120"}],"version-history":[{"count":0,"href":"https:\/\/sydneypestservice.com.au\/vi\/wp-json\/wp\/v2\/pages\/3120\/revisions"}],"wp:featuredmedia":[{"embeddable":true,"href":"https:\/\/sydneypestservice.com.au\/vi\/wp-json\/wp\/v2\/media\/6783"}],"wp:attachment":[{"href":"https:\/\/sydneypestservice.com.au\/vi\/wp-json\/wp\/v2\/media?parent=3120"}],"curies":[{"name":"trang web","href":"https:\/\/api.w.org\/{rel}","templated":true}]}}